{"id":3754,"date":"2024-03-15T07:19:24","date_gmt":"2024-03-15T07:19:24","guid":{"rendered":"https:\/\/rasco.hr\/gdje-kupiti\/"},"modified":"2024-09-06T11:36:40","modified_gmt":"2024-09-06T11:36:40","slug":"wo-zu-kaufen","status":"publish","type":"page","link":"https:\/\/rasco.hr\/de\/wo-zu-kaufen\/","title":{"rendered":"Wo zu kaufen"},"content":{"rendered":"","protected":false},"excerpt":{"rendered":"","protected":false},"author":1,"featured_media":0,"parent":0,"menu_order":47,"comment_status":"closed","ping_status":"closed","template":"page-templates\/tpl-where-to-buy.php","meta":{"_acf_changed":false,"footnotes":""},"class_list":["post-3754","page","type-page","status-publish","hentry"],"acf":[],"yoast_head":"<!-- This site is optimized with the Yoast SEO plugin v26.9 - https:\/\/yoast.com\/product\/yoast-seo-wordpress\/ -->\n<title>Finden Sie Ihren n\u00e4chstgelegenen RASCO-H\u00e4ndler<\/title>\n<meta name=\"description\" content=\"Finden Sie RASCO-H\u00e4ndler in Ihrer N\u00e4he f\u00fcr erstklassige L\u00f6sungen zur Enteisung, Schneer\u00e4umung und Stra\u00dfenreinigung.\" \/>\n<meta name=\"robots\" content=\"index, follow, max-snippet:-1, max-image-preview:large, max-video-preview:-1\" \/>\n<link rel=\"canonical\" href=\"https:\/\/rasco.hr\/de\/wo-zu-kaufen\/\" \/>\n<meta property=\"og:locale\" content=\"de_DE\" \/>\n<meta property=\"og:type\" content=\"article\" \/>\n<meta property=\"og:title\" content=\"Finden Sie Ihren n\u00e4chstgelegenen RASCO-H\u00e4ndler\" \/>\n<meta property=\"og:description\" content=\"Finden Sie RASCO-H\u00e4ndler in Ihrer N\u00e4he f\u00fcr erstklassige L\u00f6sungen zur Enteisung, Schneer\u00e4umung und Stra\u00dfenreinigung.\" \/>\n<meta property=\"og:url\" content=\"https:\/\/rasco.hr\/de\/wo-zu-kaufen\/\" \/>\n<meta property=\"og:site_name\" content=\"Rasco\" \/>\n<meta property=\"article:modified_time\" content=\"2024-09-06T11:36:40+00:00\" \/>\n<meta name=\"twitter:card\" content=\"summary_large_image\" \/>\n<script type=\"application\/ld+json\" class=\"yoast-schema-graph\">{\"@context\":\"https:\/\/schema.org\",\"@graph\":[{\"@type\":\"WebPage\",\"@id\":\"https:\/\/rasco.hr\/de\/wo-zu-kaufen\/\",\"url\":\"https:\/\/rasco.hr\/de\/wo-zu-kaufen\/\",\"name\":\"Finden Sie Ihren n\u00e4chstgelegenen RASCO-H\u00e4ndler\",\"isPartOf\":{\"@id\":\"https:\/\/rasco.hr\/en\/#website\"},\"datePublished\":\"2024-03-15T07:19:24+00:00\",\"dateModified\":\"2024-09-06T11:36:40+00:00\",\"description\":\"Finden Sie RASCO-H\u00e4ndler in Ihrer N\u00e4he f\u00fcr erstklassige L\u00f6sungen zur Enteisung, Schneer\u00e4umung und Stra\u00dfenreinigung.\",\"breadcrumb\":{\"@id\":\"https:\/\/rasco.hr\/de\/wo-zu-kaufen\/#breadcrumb\"},\"inLanguage\":\"de\",\"potentialAction\":[{\"@type\":\"ReadAction\",\"target\":[\"https:\/\/rasco.hr\/de\/wo-zu-kaufen\/\"]}]},{\"@type\":\"BreadcrumbList\",\"@id\":\"https:\/\/rasco.hr\/de\/wo-zu-kaufen\/#breadcrumb\",\"itemListElement\":[{\"@type\":\"ListItem\",\"position\":1,\"name\":\"Home\",\"item\":\"https:\/\/rasco.hr\/de\/\"},{\"@type\":\"ListItem\",\"position\":2,\"name\":\"Wo zu kaufen\"}]},{\"@type\":\"WebSite\",\"@id\":\"https:\/\/rasco.hr\/en\/#website\",\"url\":\"https:\/\/rasco.hr\/en\/\",\"name\":\"Rasco\",\"description\":\"\",\"publisher\":{\"@id\":\"https:\/\/rasco.hr\/en\/#organization\"},\"potentialAction\":[{\"@type\":\"SearchAction\",\"target\":{\"@type\":\"EntryPoint\",\"urlTemplate\":\"https:\/\/rasco.hr\/en\/?s={search_term_string}\"},\"query-input\":{\"@type\":\"PropertyValueSpecification\",\"valueRequired\":true,\"valueName\":\"search_term_string\"}}],\"inLanguage\":\"de\"},{\"@type\":\"Organization\",\"@id\":\"https:\/\/rasco.hr\/en\/#organization\",\"name\":\"Rasco\",\"url\":\"https:\/\/rasco.hr\/en\/\",\"logo\":{\"@type\":\"ImageObject\",\"inLanguage\":\"de\",\"@id\":\"https:\/\/rasco.hr\/en\/#\/schema\/logo\/image\/\",\"url\":\"https:\/\/rasco.hr\/wp-content\/uploads\/2024\/05\/logorasco.svg\",\"contentUrl\":\"https:\/\/rasco.hr\/wp-content\/uploads\/2024\/05\/logorasco.svg\",\"width\":1,\"height\":1,\"caption\":\"Rasco\"},\"image\":{\"@id\":\"https:\/\/rasco.hr\/en\/#\/schema\/logo\/image\/\"}}]}<\/script>\n<!-- \/ Yoast SEO plugin. -->","yoast_head_json":{"title":"Finden Sie Ihren n\u00e4chstgelegenen RASCO-H\u00e4ndler","description":"Finden Sie RASCO-H\u00e4ndler in Ihrer N\u00e4he f\u00fcr erstklassige L\u00f6sungen zur Enteisung, Schneer\u00e4umung und Stra\u00dfenreinigung.","robots":{"index":"index","follow":"follow","max-snippet":"max-snippet:-1","max-image-preview":"max-image-preview:large","max-video-preview":"max-video-preview:-1"},"canonical":"https:\/\/rasco.hr\/de\/wo-zu-kaufen\/","og_locale":"de_DE","og_type":"article","og_title":"Finden Sie Ihren n\u00e4chstgelegenen RASCO-H\u00e4ndler","og_description":"Finden Sie RASCO-H\u00e4ndler in Ihrer N\u00e4he f\u00fcr erstklassige L\u00f6sungen zur Enteisung, Schneer\u00e4umung und Stra\u00dfenreinigung.","og_url":"https:\/\/rasco.hr\/de\/wo-zu-kaufen\/","og_site_name":"Rasco","article_modified_time":"2024-09-06T11:36:40+00:00","twitter_card":"summary_large_image","schema":{"@context":"https:\/\/schema.org","@graph":[{"@type":"WebPage","@id":"https:\/\/rasco.hr\/de\/wo-zu-kaufen\/","url":"https:\/\/rasco.hr\/de\/wo-zu-kaufen\/","name":"Finden Sie Ihren n\u00e4chstgelegenen RASCO-H\u00e4ndler","isPartOf":{"@id":"https:\/\/rasco.hr\/en\/#website"},"datePublished":"2024-03-15T07:19:24+00:00","dateModified":"2024-09-06T11:36:40+00:00","description":"Finden Sie RASCO-H\u00e4ndler in Ihrer N\u00e4he f\u00fcr erstklassige L\u00f6sungen zur Enteisung, Schneer\u00e4umung und Stra\u00dfenreinigung.","breadcrumb":{"@id":"https:\/\/rasco.hr\/de\/wo-zu-kaufen\/#breadcrumb"},"inLanguage":"de","potentialAction":[{"@type":"ReadAction","target":["https:\/\/rasco.hr\/de\/wo-zu-kaufen\/"]}]},{"@type":"BreadcrumbList","@id":"https:\/\/rasco.hr\/de\/wo-zu-kaufen\/#breadcrumb","itemListElement":[{"@type":"ListItem","position":1,"name":"Home","item":"https:\/\/rasco.hr\/de\/"},{"@type":"ListItem","position":2,"name":"Wo zu kaufen"}]},{"@type":"WebSite","@id":"https:\/\/rasco.hr\/en\/#website","url":"https:\/\/rasco.hr\/en\/","name":"Rasco","description":"","publisher":{"@id":"https:\/\/rasco.hr\/en\/#organization"},"potentialAction":[{"@type":"SearchAction","target":{"@type":"EntryPoint","urlTemplate":"https:\/\/rasco.hr\/en\/?s={search_term_string}"},"query-input":{"@type":"PropertyValueSpecification","valueRequired":true,"valueName":"search_term_string"}}],"inLanguage":"de"},{"@type":"Organization","@id":"https:\/\/rasco.hr\/en\/#organization","name":"Rasco","url":"https:\/\/rasco.hr\/en\/","logo":{"@type":"ImageObject","inLanguage":"de","@id":"https:\/\/rasco.hr\/en\/#\/schema\/logo\/image\/","url":"https:\/\/rasco.hr\/wp-content\/uploads\/2024\/05\/logorasco.svg","contentUrl":"https:\/\/rasco.hr\/wp-content\/uploads\/2024\/05\/logorasco.svg","width":1,"height":1,"caption":"Rasco"},"image":{"@id":"https:\/\/rasco.hr\/en\/#\/schema\/logo\/image\/"}}]}},"_links":{"self":[{"href":"https:\/\/rasco.hr\/de\/wp-json\/wp\/v2\/pages\/3754","targetHints":{"allow":["GET"]}}],"collection":[{"href":"https:\/\/rasco.hr\/de\/wp-json\/wp\/v2\/pages"}],"about":[{"href":"https:\/\/rasco.hr\/de\/wp-json\/wp\/v2\/types\/page"}],"author":[{"embeddable":true,"href":"https:\/\/rasco.hr\/de\/wp-json\/wp\/v2\/users\/1"}],"replies":[{"embeddable":true,"href":"https:\/\/rasco.hr\/de\/wp-json\/wp\/v2\/comments?post=3754"}],"version-history":[{"count":1,"href":"https:\/\/rasco.hr\/de\/wp-json\/wp\/v2\/pages\/3754\/revisions"}],"predecessor-version":[{"id":3756,"href":"https:\/\/rasco.hr\/de\/wp-json\/wp\/v2\/pages\/3754\/revisions\/3756"}],"wp:attachment":[{"href":"https:\/\/rasco.hr\/de\/wp-json\/wp\/v2\/media?parent=3754"}],"curies":[{"name":"wp","href":"https:\/\/api.w.org\/{rel}","templated":true}]}}